{"id":18,"date":"2013-03-12T16:21:58","date_gmt":"2013-03-12T16:21:58","guid":{"rendered":"http:\/\/evaristovalle.com\/?page_id=18"},"modified":"2026-04-08T13:13:46","modified_gmt":"2026-04-08T11:13:46","slug":"fundacion-evaristo-valle","status":"publish","type":"page","link":"https:\/\/evaristovalle.com\/en\/the-foundation-2\/","title":{"rendered":"La Fundaci\u00f3n"},"content":{"rendered":"<p>Seg\u00fan Resoluci\u00f3n del 21 de enero de 2016, la Consejer\u00eda de Educaci\u00f3n y Cultura incluye los jardines del Museo Evaristo Valle en el Inventario del Patrimonio Cultural de Asturias, junto a otros 15 jardines, declar\u00e1ndolos Jardines Hist\u00f3ricos, BOPA 16\/2\/2016. El edificio principal, junto a la obra pict\u00f3rica de Evaristo Valle y la colecci\u00f3n de Arte Contempor\u00e1neo han sido declarados Bien de Inter\u00e9s Cultural en la categor\u00eda de Monumento BOPA 8\/2\/2017.<\/p>\n<p>El museo forma as\u00ed un marco incomparable que cargado de melancol\u00eda est\u00e1 en perfecta sinton\u00eda tanto con la obra y la personalidad de Evaristo Valle, como con la de su fundadora. En los jardines se exponen m\u00e1s de una cincuentena de esculturas, preferentemente de artistas contempor\u00e1neos, existiendo un espacio para la contemplaci\u00f3n y el estudio de las aves y otro dedicado al Bonsai.<\/p>\n<p>Con independencia de las exposiciones temporales, actividades educativas y musicales, el museo exhibe permanentemente m\u00e1s de un centenar de obras de Evaristo Valle, que organizadas de forma cronol\u00f3gica, tem\u00e1tica o t\u00e9cnica, nos permiten aproximarnos a su profundo, variado y rico legado dibuj\u00edstico y pict\u00f3rico.<\/p>\n<p>Se exhibe igualmente, junto a la reconstrucci\u00f3n de su estudio, la sugerente colecci\u00f3n de conchas heredada por el pintor de su padre.<\/p>\n<p><a href=\"https:\/\/evaristovalle.com\/wp-content\/uploads\/2025\/08\/2024-Informe-de-Transparencia-Fundacion-Evaristo-Valle_Ok_Optm.pdf\" target=\"_blank\" rel=\"noopener\">Informe de Transparencia Fundacion Museo Evaristo Valle<\/a><\/p>\n<p><a href=\"https:\/\/drive.google.com\/file\/d\/1i3r7L192oPvPQrjs7FT6P7hU938LI_5i\/view?usp=sharing\" target=\"_blank\" rel=\"noopener\">Memoriad de actividad 2024. Fundaci\u00f3n Museo Evaristo Valle<\/a><\/p>\n<p><a href=\"https:\/\/drive.google.com\/file\/d\/1Wwzji86nKZH-1NW3HEcRC0qp_G9L3LN8\/view?usp=sharing\" target=\"_blank\" rel=\"noopener\">Memoria de actividad 2023 Fundaci\u00f3n Museo Evaristo Valle<\/a><\/p>\n<p><a href=\"https:\/\/evaristovalle.com\/wp-content\/uploads\/2023\/07\/Memoria-2022-completa_optm.pdf\">Memoria de actividad 2022 Fundaci\u00f3n Museo Evaristo Valle<\/a><\/p>\n<p><a href=\"https:\/\/evaristovalle.com\/wp-content\/uploads\/2023\/07\/Memoria-2021-completa_optm-comprimido.pdf\">Memoria de actividad 2021 Fundaci\u00f3n Museo Evaristo Valle<\/a><\/p>\n<p><a href=\"https:\/\/evaristovalle.com\/wp-content\/uploads\/2023\/07\/Memoria-2020_optm-comprimido.pdf\">Memoria de actividad 2020 Fundaci\u00f3n Museo Evaristo Valle<\/a><\/p>\n","protected":false},"excerpt":{"rendered":"<p>Seg\u00fan Resoluci\u00f3n del 21 de enero de 2016, la Consejer\u00eda de Educaci\u00f3n y Cultura incluye los jardines del Museo Evaristo Valle en el Inventario del Patrimonio Cultural de Asturias, junto a otros 15 jardines, declar\u00e1ndolos Jardines Hist\u00f3ricos, BOPA 16\/2\/2016. El edificio principal, junto a la obra pict\u00f3rica de Evaristo Valle y la colecci\u00f3n de Arte Contempor\u00e1neo han sido declarados Bien de Inter\u00e9s Cultural en la categor\u00eda de Monumento BOPA 8\/2\/2017. El museo forma as\u00ed un marco incomparable que cargado de melancol\u00eda est\u00e1 en perfecta sinton\u00eda tanto con la obra y la personalidad de Evaristo Valle, como con la de su fundadora. En los jardines se exponen m\u00e1s de una cincuentena [&hellip;]<\/p>\n","protected":false},"author":1,"featured_media":0,"parent":0,"menu_order":0,"comment_status":"open","ping_status":"open","template":"","meta":{"footnotes":""},"_links":{"self":[{"href":"https:\/\/evaristovalle.com\/en\/wp-json\/wp\/v2\/pages\/18"}],"collection":[{"href":"https:\/\/evaristovalle.com\/en\/wp-json\/wp\/v2\/pages"}],"about":[{"href":"https:\/\/evaristovalle.com\/en\/wp-json\/wp\/v2\/types\/page"}],"author":[{"embeddable":true,"href":"https:\/\/evaristovalle.com\/en\/wp-json\/wp\/v2\/users\/1"}],"replies":[{"embeddable":true,"href":"https:\/\/evaristovalle.com\/en\/wp-json\/wp\/v2\/comments?post=18"}],"version-history":[{"count":31,"href":"https:\/\/evaristovalle.com\/en\/wp-json\/wp\/v2\/pages\/18\/revisions"}],"predecessor-version":[{"id":7721,"href":"https:\/\/evaristovalle.com\/en\/wp-json\/wp\/v2\/pages\/18\/revisions\/7721"}],"wp:attachment":[{"href":"https:\/\/evaristovalle.com\/en\/wp-json\/wp\/v2\/media?parent=18"}],"curies":[{"name":"wp","href":"https:\/\/api.w.org\/{rel}","templated":true}]}}