{"id":21,"date":"2013-02-28T12:03:14","date_gmt":"2013-02-28T12:03:14","guid":{"rendered":"http:\/\/evaristovalle.com\/?page_id=21"},"modified":"2013-11-05T10:19:53","modified_gmt":"2013-11-05T09:19:53","slug":"museo-evaristo-valle","status":"publish","type":"page","link":"https:\/\/evaristovalle.com\/en\/evaristo-valle\/","title":{"rendered":"Evaristo Valle"},"content":{"rendered":"<p><strong>LA OBRA DE EVARISTO VALLE<\/strong><\/p>\n<p>\u00a0<\/p>\n<p>El museo alberga m\u00e1s de dos centenares de obras de Evaristo Valle (Gij\u00f3n, 1873-1951) en su mayor\u00eda pertenecientes a aquellas pinturas que con gran reserva guard\u00f3 el pintor hasta su muerte.<\/p>\n<p>Entre ellas se encuentran sus primeras pinturas realizadas en Par\u00eds a partir de 1903 como <strong>\u201cLa org\u00eda\u201d<\/strong>. Tambi\u00e9n su producci\u00f3n intimista y melanc\u00f3lica de mediados de la primera d\u00e9cada del siglo como<strong> \u201cLa nieta enferma\u201d y \u201cEl fil\u00f3sofo\u201d.<\/strong> O sus retratos familiares, vivo exponente de lo que pudo ser su producci\u00f3n retratista de la burgues\u00eda parisina \u2013 trabajos que aborrec\u00eda pero que le permitieron sobrevivir en a\u00f1os dif\u00edciles \u2013 y que est\u00e1n hoy en paradero desconocido.<\/p>\n<p>Incluye piezas tan intensas como <strong>\u201cPierrot\u201d<\/strong> que reformar\u00eda en diferentes ocasiones y que regalar\u00eda a su sobrina Mar\u00eda Rodr\u00edguez del Valle en 1912 con motivo de su matrimonio. Y otras tan serias y profundas como los retratos de<strong> \u201cLa abuela del pintor\u201d y \u201cLa madre del pintor\u201d<\/strong>, esta \u00faltima \u00fanica obra que siempre permaneci\u00f3 colgada en su estudio y que fue repetidas veces modificada.<\/p>\n<p>Existe tambi\u00e9n una sustancial representaci\u00f3n de obras del a\u00f1o 1917, inicio de actividad despu\u00e9s de su vuelta definitiva a Gij\u00f3n y de su crisis existencial y de creatividad posterior a 1912, obras claves dentro de su producci\u00f3n, con pinturas tan importantes como <strong>\u201cEl palco de la vieja dama\u201d, \u201cEl palco familiar\u201d, \u201cBaile de carnaval\u201d, \u201cEl potrillo en el corral\u201d y \u201cElegantes de Gij\u00f3n\u201d<\/strong> entre otras, que dar\u00e1n las claves sobre la evoluci\u00f3n t\u00e9cnica, formal y conceptual de su obra posterior, a partir de las cuales el paisaje y las gentes de Asturias estar\u00edan ya siempre presentes, consciente de que en este rinc\u00f3n del mundo, por <strong>\u201csu simple complejidad\u201d<\/strong> y por sus caracter\u00edsticas vivenciales absolutamente \u00fanicas, pose\u00edan capacidad sobrada como para suministrar a su imaginaci\u00f3n creadora arsenal suficiente para desarrollar una obra con alcance universal.<\/p>\n<p>\u00a0<\/p>\n<p>Existe adem\u00e1s un buen n\u00famero de sus importantes y representativas carnavaladas, como la famosa obra hom\u00f3nima <strong>\u201cCarnavalada\u201d,<\/strong> tema que realiz\u00f3 con intensidad y asiduidad hasta su muerte. Tambi\u00e9n son abundantes los delicados temas rurales como <strong>\u201cEn la calleja\u201d, \u201cEn la fuente\u201d<\/strong>\u2026, o sus obras de extraordinaria madurez realizadas a mediados de los a\u00f1os cuarenta, como por ejemplo <strong>\u201cLas tres brujas\u201d.<\/strong><\/p>\n<p>\u00a0<\/p>\n<p>La colecci\u00f3n contiene tambi\u00e9n una buena selecci\u00f3n de su importante e innovadora obra final (1949-1950) en las que el paisaje se diluye apareciendo una representaci\u00f3n esquem\u00e1tica y arquet\u00edpica de personajes variopintos llena de aguda carga psicol\u00f3gica como en <strong>\u201cEl futbolista\u201d, \u201cEl poeta\u201d, \u201cLos ajedrecistas\u201d, \u201cPescadores\u201d<\/strong>, etc., o apareciendo nost\u00e1lgicamente representadas diferentes mujeres que ya hab\u00eda pintado en Par\u00eds hac\u00eda casi medio siglo, como <strong>\u201cLa mujer de azul\u201d o \u201cLa dama de verde\u201d<\/strong> cerrando esta producci\u00f3n la \u00faltima obra que qued\u00f3 en el caballete a su muerte en 1951 <strong>\u201cBernard Shaw\u201d.<\/strong><\/p>\n<p>\u00a0<\/p>\n<p>El museo conserva igualmente un interesante fondo de obra dibujada del artista, entre las que se encuentran sus primeras manifestaciones pl\u00e1sticas conocidas correspondientes a los primeros a\u00f1os de la d\u00e9cada de los 90, que nos acercan a su portentosa capacidad para el dibujo y la captaci\u00f3n psicol\u00f3gica con los m\u00ednimos recursos, la m\u00e1xima expresividad y el mayor refinamiento.<\/p>\n<p>Adem\u00e1s se encuentran en el museo un buen n\u00famero de documentos personales y manuscritos pertenecientes a su obra literaria; faceta creativa \u00e9sta, que en su doble vertiente de teatro y novela realiz\u00f3 Valle espor\u00e1dicamente en sus \u00e9pocas de inactividad pict\u00f3rica. Del mismo modo, tambi\u00e9n queda constancia de todos aquellos objetos personales y colecciones del pintor, que quedaron en su estudio a su muerte. Destacan entre ellas, la magn\u00edfica colecci\u00f3n de conchas iniciada por el padre del pintor hacia 1850 en los mares de China y el Caribe, con m\u00e1s de 2.500 ejemplares y 700 especies diferentes, la mayor\u00eda con un alto y riqu\u00edsimo cromatismo, que tanto influir\u00eda en la paleta del pintor.<\/p>\n<p>Buena parte de estos objetos, expuestos en el museo junto con su obra, ayudan a comprender y enriquecer la visi\u00f3n de una figura tan singular y compleja.<\/p>\n<p>Un fondo de obras de destacados artistas asturianos contempor\u00e1neos se han ido incorporando tambi\u00e9n al museo.<\/p>\n","protected":false},"excerpt":{"rendered":"<p>LA OBRA DE EVARISTO VALLE \u00a0 El museo alberga m\u00e1s de dos centenares de obras de Evaristo Valle (Gij\u00f3n, 1873-1951) en su mayor\u00eda pertenecientes a aquellas pinturas que con gran reserva guard\u00f3 el pintor hasta su muerte. Entre ellas se encuentran sus primeras pinturas realizadas en Par\u00eds a partir de 1903 como \u201cLa org\u00eda\u201d. Tambi\u00e9n su producci\u00f3n intimista y melanc\u00f3lica de mediados de la primera d\u00e9cada del siglo como \u201cLa nieta enferma\u201d y \u201cEl fil\u00f3sofo\u201d. O sus retratos familiares, vivo exponente de lo que pudo ser su producci\u00f3n retratista de la burgues\u00eda parisina \u2013 trabajos que aborrec\u00eda pero que le permitieron sobrevivir en a\u00f1os dif\u00edciles \u2013 y que est\u00e1n hoy [&hellip;]<\/p>\n","protected":false},"author":1,"featured_media":0,"parent":0,"menu_order":0,"comment_status":"open","ping_status":"open","template":"","meta":{"footnotes":""},"_links":{"self":[{"href":"https:\/\/evaristovalle.com\/en\/wp-json\/wp\/v2\/pages\/21"}],"collection":[{"href":"https:\/\/evaristovalle.com\/en\/wp-json\/wp\/v2\/pages"}],"about":[{"href":"https:\/\/evaristovalle.com\/en\/wp-json\/wp\/v2\/types\/page"}],"author":[{"embeddable":true,"href":"https:\/\/evaristovalle.com\/en\/wp-json\/wp\/v2\/users\/1"}],"replies":[{"embeddable":true,"href":"https:\/\/evaristovalle.com\/en\/wp-json\/wp\/v2\/comments?post=21"}],"version-history":[{"count":19,"href":"https:\/\/evaristovalle.com\/en\/wp-json\/wp\/v2\/pages\/21\/revisions"}],"predecessor-version":[{"id":441,"href":"https:\/\/evaristovalle.com\/en\/wp-json\/wp\/v2\/pages\/21\/revisions\/441"}],"wp:attachment":[{"href":"https:\/\/evaristovalle.com\/en\/wp-json\/wp\/v2\/media?parent=21"}],"curies":[{"name":"wp","href":"https:\/\/api.w.org\/{rel}","templated":true}]}}