{"id":27,"date":"2013-02-28T12:04:34","date_gmt":"2013-02-28T12:04:34","guid":{"rendered":"http:\/\/evaristovalle.com\/?page_id=27"},"modified":"2013-05-16T10:54:58","modified_gmt":"2013-05-16T10:54:58","slug":"publicaciones","status":"publish","type":"page","link":"https:\/\/evaristovalle.com\/en\/the-museum-2\/publications\/","title":{"rendered":"Publications"},"content":{"rendered":"<p>Te presentamos varias publicaciones de inter\u00e9s de car\u00e1cter monogr\u00e1fico que giran alrededor de la historia y biograf\u00eda de<strong> Evaristo Valle<\/strong>, un resumen hist\u00f3rico de las principales publicaciones de la <strong>Fundaci\u00f3n Museo Evaristo Valle.<\/strong><\/p>\n<p><strong><h4><\/strong>EXPOSICIONES<strong><\/h4><\/strong><\/p>\n<p><strong>Titulo: <\/strong>Once maquinas e ingenios de Leonardo da Vinci<br \/>\n<strong>Autor:<\/strong> interpretados por Carlos Gancedo<br \/>\n<a class=\"ef-button ef-custom ef-link\" href=\"https:\/\/evaristovalle.com\/en\/the-museum-2\/publications\/\" crel=\"#FF5252\" hrel=\"#FFB052\" rel=\"c\" style=\"color:#FF5252;\"><span>Ver mas<\/span><\/a><\/p>\n<p><iframe loading=\"lazy\" src=\"\/\/e.issuu.com\/embed.html#0\/1090720\" height=\"263\" width=\"525\" allowfullscreen=\"\" frameborder=\"0\"><\/iframe><\/p>\n<p>\u00a0<\/p>\n<p><strong>ZAPICO, F.<\/strong><br \/>\n<em>La mujer en la pintura de Evaristo Valle.<\/em><br \/>\nFundaci\u00f3n Museo Evaristo Valle. Gij\u00f3n, 2008.<\/p>\n<p>\u00a0<\/p>\n<p><strong>ZAPICO, F.<\/strong><br \/>\n<em>Dos pintores ante la mina.<\/em><i> Evaristo Valle &#8211; Mariano Mor\u00e9.<\/i><br \/>\nFundaci\u00f3n Museo Evaristo Valle, Gij\u00f3n, 2007.<\/p>\n<p>\u00a0<\/p>\n<p><strong>ZAPICO, F.<\/strong><br \/>\n<i>Evaristo Valle. <\/i><em>El paisaje religioso.<\/em><br \/>\nFundaci\u00f3n Museo Evaristo Valle, Gij\u00f3n, 2004.<\/p>\n<p>\u00a0<\/p>\n<p><strong>VALDE\u00d3N, J.<\/strong><br \/>\n<em>Jardines cl\u00e1sicos de Asturias.<\/em> Fundaci\u00f3n Museo Evaristo Valle (Separata).<br \/>\nCaja Asturias, 2001.<\/p>\n<p>\u00a0<\/p>\n<p><strong>VALLE, E.<\/strong><br \/>\n<i>Evaristo Valle.<\/i> <em>Algunos datos de mi vida.<\/em><br \/>\nFundaci\u00f3n Museo Evaristo Valle, Gij\u00f3n, 2001.<br \/>\n<strong>VALLE, E.<\/strong><br \/>\nEvaristo Valle. <em>Algunos datos de mi vida.<\/em><br \/>\nVideo en DVD<br \/>\nFundaci\u00f3n Museo Evaristo Valle, Gij\u00f3n, 2001.<\/p>\n<p>\u00a0<\/p>\n<p><strong>VV. AA.<\/strong><br \/>\n<em>Gu\u00eda verde del Museo Evaristo Valle.<\/em><br \/>\nFundaci\u00f3n Museo Evaristo Valle, Gij\u00f3n, 2001.<\/p>\n<p>\u00a0<\/p>\n<p><strong>VALLE, E.<\/strong><br \/>\n<em>Recuerdos de la vida de un pintor.<\/em><br \/>\nTrama editorial, Madrid, 2000.<\/p>\n<p>\u00a0<\/p>\n<p><strong>ZAPICO, F.<\/strong><br \/>\n<em>Invitado Evaristo Valle.<\/em><br \/>\nFundaci\u00f3n Museo Evaristo Valle, Gij\u00f3n, 1999.<\/p>\n<p>\u00a0<\/p>\n<p><strong>VV. AA.<\/strong><br \/>\n<em>La mar en un espejo.<\/em> <i>Evaristo Valle y Nicanor Pi\u00f1ole.<\/i><br \/>\nFundaci\u00f3n Museo Evaristo Valle y Museo Nicanor Pi\u00f1ole, Gij\u00f3n, 1998.<\/p>\n<p>\u00a0<\/p>\n<p><strong>ZAPICO, F.<\/strong><br \/>\n<em>Evaristo Valle en la colecci\u00f3n Pedro Masaveu.<\/em><br \/>\nFundaci\u00f3n Museo Evaristo Valle, Gij\u00f3n, 1998.<\/p>\n<p>\u00a0<\/p>\n<p><strong>GIL, G.<\/strong><br \/>\n<em>Gu\u00eda de las aves del entorno urbano.<\/em><br \/>\nFundaci\u00f3n Museo Evaristo Valle, Gij\u00f3n, 1995.<\/p>\n<p>\u00a0<\/p>\n<p><strong>CARANTO\u00d1A, F.<\/strong><br \/>\n<em>Evaristo Valle (1873-1951).<\/em><i> Pinturas.<\/i><br \/>\nFundaci\u00f3n Museo Evaristo Valle, Gij\u00f3n, 1986.<\/p>\n<p>\u00a0<\/p>\n<p><strong>VV.AA.<\/strong><br \/>\n<em>Evaristo Valle (1873- 1951).<\/em><i>Dibujos.<\/i><br \/>\nMinisterio de Cultura, Madrid, 1986.<\/p>\n<p>\u00a0<\/p>\n<p><strong>CARANTO\u00d1A, F.<\/strong><br \/>\n<em>Las mascaradas de Evaristo Valle.<\/em><br \/>\nPrincipado de Asturias. Instituto de Estudios Asturianos, Oviedo, 1984.<\/p>\n","protected":false},"excerpt":{"rendered":"<p>Te presentamos varias publicaciones de inter\u00e9s de car\u00e1cter monogr\u00e1fico que giran alrededor de la historia y biograf\u00eda de Evaristo Valle, un resumen hist\u00f3rico de las principales publicaciones de la Fundaci\u00f3n Museo Evaristo Valle. Titulo: Once maquinas e ingenios de Leonardo da Vinci Autor: interpretados por Carlos Gancedo \u00a0 ZAPICO, F. La mujer en la pintura de Evaristo Valle. Fundaci\u00f3n Museo Evaristo Valle. Gij\u00f3n, 2008. \u00a0 ZAPICO, F. Dos pintores ante la mina. Evaristo Valle &#8211; Mariano Mor\u00e9. Fundaci\u00f3n Museo Evaristo Valle, Gij\u00f3n, 2007. \u00a0 ZAPICO, F. Evaristo Valle. El paisaje religioso. Fundaci\u00f3n Museo Evaristo Valle, Gij\u00f3n, 2004. \u00a0 VALDE\u00d3N, J. Jardines cl\u00e1sicos de Asturias. Fundaci\u00f3n Museo Evaristo Valle (Separata). Caja [&hellip;]<\/p>\n","protected":false},"author":1,"featured_media":0,"parent":317,"menu_order":5,"comment_status":"open","ping_status":"open","template":"","meta":{"footnotes":""},"_links":{"self":[{"href":"https:\/\/evaristovalle.com\/en\/wp-json\/wp\/v2\/pages\/27"}],"collection":[{"href":"https:\/\/evaristovalle.com\/en\/wp-json\/wp\/v2\/pages"}],"about":[{"href":"https:\/\/evaristovalle.com\/en\/wp-json\/wp\/v2\/types\/page"}],"author":[{"embeddable":true,"href":"https:\/\/evaristovalle.com\/en\/wp-json\/wp\/v2\/users\/1"}],"replies":[{"embeddable":true,"href":"https:\/\/evaristovalle.com\/en\/wp-json\/wp\/v2\/comments?post=27"}],"version-history":[{"count":57,"href":"https:\/\/evaristovalle.com\/en\/wp-json\/wp\/v2\/pages\/27\/revisions"}],"predecessor-version":[{"id":946,"href":"https:\/\/evaristovalle.com\/en\/wp-json\/wp\/v2\/pages\/27\/revisions\/946"}],"up":[{"embeddable":true,"href":"https:\/\/evaristovalle.com\/en\/wp-json\/wp\/v2\/pages\/317"}],"wp:attachment":[{"href":"https:\/\/evaristovalle.com\/en\/wp-json\/wp\/v2\/media?parent=27"}],"curies":[{"name":"wp","href":"https:\/\/api.w.org\/{rel}","templated":true}]}}