{"id":3215,"date":"2013-02-28T12:04:10","date_gmt":"2013-02-28T12:04:10","guid":{"rendered":"http:\/\/evaristovalle.com\/?page_id=25"},"modified":"2013-02-28T12:04:10","modified_gmt":"2013-02-28T12:04:10","slug":"programas-educativos","status":"publish","type":"page","link":"https:\/\/evaristovalle.com\/en\/educational-programs\/","title":{"rendered":"Departamento Educativo"},"content":{"rendered":"<p>La Fundaci\u00f3n Museo Evaristo Valle de Gij\u00f3n, desde su Departamento de Programas Educativos, Laboratorio de las Artes y la Naturaleza, os presenta su oferta de actividades destinada a escolares:<\/p>\n<p><strong>CIRCUITO DE PERCEPCI\u00d3N DE LA NATURALEZA Y EL ARTE<\/strong><\/p>\n<p>Destinado a alumnos de Educaci\u00f3n Infantil y primeros cursos de Educaci\u00f3n Primaria. Consiste en una introducci\u00f3n l\u00fadica al museo, y a Evaristo Valle y su pintura. Se realiza adem\u00e1s un recorrido guiado por el jard\u00edn, en el cual se potencia el uso de los sentidos para el reconocimiento de la naturaleza. Finaliza con una actividad pl\u00e1stica.<\/p>\n<p><strong>CIRCUITO AUT\u00d3NOMO DE AN\u00c1LISIS DEL PAISAJE Y EL ARTE<\/strong><\/p>\n<p>Destinado a alumnos a partir de 4\u00ba curso de Educaci\u00f3n Primar\u00eda. Comienza con una introducci\u00f3n l\u00fadica al museo, y a Evaristo Valle y su pintura. En el jard\u00edn se trabaja la capacidad de orientaci\u00f3n y su representaci\u00f3n gr\u00e1fica en un plano. Se potencia el trabajo en grupo y la manipulaci\u00f3n de instrumentos para el estudio del entorno. Finaliza con una puesta en com\u00fan.<\/p>\n<p><strong>CIRCUITO AUT\u00d3NOMO DE LOS \u00c1RBOLES AUT\u00d3CTONOS Y ARTE<\/strong><\/p>\n<p>Destinado a alumnos a partir de 4\u00ba curso de Educaci\u00f3n Primaria y hasta Bachillerato. Comienza con una introducci\u00f3n l\u00fadica al museo, y a Evaristo Valle y su pintura. A continuaci\u00f3n se propone un recorrido por los \u00e1rboles aut\u00f3ctonos, en el que los alumnos trabajan en grupo y estudian las caracter\u00edsticas que permiten la identificaci\u00f3n de algunos de nuestros \u00e1rboles. Finaliza con una puesta en com\u00fan.<\/p>\n<p><strong>CIRCUITO AUT\u00d3NOMO DE P\u00c1JAROS Y ARTE<\/strong><\/p>\n<p>Destinado a alumnos a partir de 4\u00ba curso de Educaci\u00f3n Primaria y hasta Bachillerato. Comienza con una introducci\u00f3n l\u00fadica al museo, y a Evaristo Valle y su pintura. Este museo posee un extenso jard\u00edn id\u00f3neo para las aves; m\u00e1s de 40 especies diferentes de aves anidan o visitan el jard\u00edn dependiendo de la \u00e9poca del a\u00f1o. En este circuito se estudian algunas aves que podemos encontrar en el jard\u00edn. Finaliza con una puesta en com\u00fan o la construcci\u00f3n de casas anidaderas.<\/p>\n<p>La duraci\u00f3n de los circuitos es de aproximadamente dos horas, y se realizar\u00e1n de lunes a viernes en horario a convenir desde las 10 h. El coste de la visita es de<br \/>\n2,00 \u20ac por alumno recibiendo grupos de hasta 35 alumnos. Para grupos m\u00e1s numerosos hay que solicitar un segundo monitor que incrementar\u00e1 el precio de la visita en 30 \u20ac. Existe la posibilidad de realizar la parte de arte en ingl\u00e9s. <strong>Para realizar la visita es necesario realizar la reserva en el 985334000 \u00f3 escribi\u00e9ndonos un mail a programaseducativos@evaristovalle.com a la atenci\u00f3n de Eva Somaza, responsable de los Programas Educativos.<\/strong><\/p>\n","protected":false},"excerpt":{"rendered":"<p>La Fundaci\u00f3n Museo Evaristo Valle de Gij\u00f3n, desde su Departamento de Programas Educativos, Laboratorio de las Artes y la Naturaleza, os presenta su oferta de actividades destinada a escolares: CIRCUITO DE PERCEPCI\u00d3N DE LA NATURALEZA Y EL ARTE Destinado a alumnos de Educaci\u00f3n Infantil y primeros cursos de Educaci\u00f3n Primaria. Consiste en una introducci\u00f3n l\u00fadica al museo, y a Evaristo Valle y su pintura. Se realiza adem\u00e1s un recorrido guiado por el jard\u00edn, en el cual se potencia el uso de los sentidos para el reconocimiento de la naturaleza. Finaliza con una actividad pl\u00e1stica. CIRCUITO AUT\u00d3NOMO DE AN\u00c1LISIS DEL PAISAJE Y EL ARTE Destinado a alumnos a partir de 4\u00ba [&hellip;]<\/p>\n","protected":false},"author":1,"featured_media":0,"parent":0,"menu_order":3,"comment_status":"open","ping_status":"open","template":"","meta":{"footnotes":""},"_links":{"self":[{"href":"https:\/\/evaristovalle.com\/en\/wp-json\/wp\/v2\/pages\/3215"}],"collection":[{"href":"https:\/\/evaristovalle.com\/en\/wp-json\/wp\/v2\/pages"}],"about":[{"href":"https:\/\/evaristovalle.com\/en\/wp-json\/wp\/v2\/types\/page"}],"author":[{"embeddable":true,"href":"https:\/\/evaristovalle.com\/en\/wp-json\/wp\/v2\/users\/1"}],"replies":[{"embeddable":true,"href":"https:\/\/evaristovalle.com\/en\/wp-json\/wp\/v2\/comments?post=3215"}],"version-history":[{"count":0,"href":"https:\/\/evaristovalle.com\/en\/wp-json\/wp\/v2\/pages\/3215\/revisions"}],"wp:attachment":[{"href":"https:\/\/evaristovalle.com\/en\/wp-json\/wp\/v2\/media?parent=3215"}],"curies":[{"name":"wp","href":"https:\/\/api.w.org\/{rel}","templated":true}]}}