{"id":3234,"date":"2013-04-08T10:27:49","date_gmt":"2013-04-08T10:27:49","guid":{"rendered":"http:\/\/evaristovalle.com\/?page_id=394"},"modified":"2013-04-08T10:27:49","modified_gmt":"2013-04-08T10:27:49","slug":"la-vida-del-museo-evaristo-valle","status":"publish","type":"page","link":"https:\/\/evaristovalle.com\/en\/the-museum\/museum-life\/","title":{"rendered":"La vida del museo"},"content":{"rendered":"<p><strong>LA VIDA DEL MUSEO<\/strong><\/p>\n<p><a title=\"museo Evaristo Valle, Museo del A\u00f1o\" href=\"http:\/\/es.wikipedia.org\/wiki\/Museo_Evaristo_Valle\"><strong>El Museo Evaristo Valle<\/strong>,<\/a><b> <\/b>considerado como uno de los museos monogr\u00e1ficos m\u00e1s importantes de Europa, permite no solo valorar con justicia a una personalidad y a una obra tan profunda, sutil e inteligente como es la de<strong> Evaristo Valle<\/strong>, sino que se ha convertido en uno de los espacios de la cultura m\u00e1s importantes y estimulantes de la regi\u00f3n donde se combina lo local con lo universal, la memoria con el presente, la tradici\u00f3n con las vanguardias y la est\u00e9tica de la conservaci\u00f3n con la \u00e9tica de la innovaci\u00f3n.<\/p>\n<p>\u00a0<\/p>\n<p>Ostenta la Medalla de Honor de 1984 de la Real Academia de Bellas Artes de San Fernando<strong><i> &#8220;por sus actividades art\u00edsticas y literarias&#8221;<\/i> <\/strong>y en 1985 se le hizo entrega de una Menci\u00f3n de Honor del Consejo de Europa a trav\u00e9s de su comit\u00e9 para el premio <strong>&#8220;Museo del A\u00f1o en Europa&#8221; <i>&#8220;por su pol\u00edtica de actividades y mantenimiento de un museo vivo y din\u00e1mico&#8221;.<\/i><\/strong><\/p>\n<p>\u00a0<\/p>\n<p><strong>Con independencia de la documentaci\u00f3n, estudio, conservaci\u00f3n y divulgaci\u00f3n de la obra de Evaristo Valle, el museo ha albergado m\u00e1s de un centenar de exposiciones de pintura, dibujo, escultura, fotograf\u00edas, grabado&#8230; en las que ha sido posible contemplar desde obras de Goya, El Greco, Rubens, etc., hasta las de los grandes art\u00edstas contempor\u00e1neos internacionales como Picasso o Jasper Johns, habiendose ocupado con intensidad y asiduidad de un buen n\u00famero de artistas asturianos contempor\u00e1neos.<\/strong><\/p>\n<p>\u00a0<\/p>\n<p><strong>Se han editado m\u00e1s de 60 publicaciones y un amplio repertorio de conciertos y otras actividades han ocupado las salas y espacios ajardinados del museo que en toda su existencia ha sido visitado por m\u00e1s de 540.000 personas.<\/strong><\/p>\n","protected":false},"excerpt":{"rendered":"<p>LA VIDA DEL MUSEO El Museo Evaristo Valle, considerado como uno de los museos monogr\u00e1ficos m\u00e1s importantes de Europa, permite no solo valorar con justicia a una personalidad y a una obra tan profunda, sutil e inteligente como es la de Evaristo Valle, sino que se ha convertido en uno de los espacios de la cultura m\u00e1s importantes y estimulantes de la regi\u00f3n donde se combina lo local con lo universal, la memoria con el presente, la tradici\u00f3n con las vanguardias y la est\u00e9tica de la conservaci\u00f3n con la \u00e9tica de la innovaci\u00f3n. \u00a0 Ostenta la Medalla de Honor de 1984 de la Real Academia de Bellas Artes de San [&hellip;]<\/p>\n","protected":false},"author":1,"featured_media":0,"parent":3228,"menu_order":1,"comment_status":"open","ping_status":"open","template":"","meta":{"footnotes":""},"_links":{"self":[{"href":"https:\/\/evaristovalle.com\/en\/wp-json\/wp\/v2\/pages\/3234"}],"collection":[{"href":"https:\/\/evaristovalle.com\/en\/wp-json\/wp\/v2\/pages"}],"about":[{"href":"https:\/\/evaristovalle.com\/en\/wp-json\/wp\/v2\/types\/page"}],"author":[{"embeddable":true,"href":"https:\/\/evaristovalle.com\/en\/wp-json\/wp\/v2\/users\/1"}],"replies":[{"embeddable":true,"href":"https:\/\/evaristovalle.com\/en\/wp-json\/wp\/v2\/comments?post=3234"}],"version-history":[{"count":0,"href":"https:\/\/evaristovalle.com\/en\/wp-json\/wp\/v2\/pages\/3234\/revisions"}],"up":[{"embeddable":true,"href":"https:\/\/evaristovalle.com\/en\/wp-json\/wp\/v2\/pages\/3228"}],"wp:attachment":[{"href":"https:\/\/evaristovalle.com\/en\/wp-json\/wp\/v2\/media?parent=3234"}],"curies":[{"name":"wp","href":"https:\/\/api.w.org\/{rel}","templated":true}]}}