{"id":326,"date":"2013-03-19T10:14:52","date_gmt":"2013-03-19T10:14:52","guid":{"rendered":"http:\/\/evaristovalle.com\/?page_id=326"},"modified":"2025-11-14T10:19:59","modified_gmt":"2025-11-14T09:19:59","slug":"mecenas","status":"publish","type":"page","link":"https:\/\/evaristovalle.com\/en\/the-foundation-2\/sponsors-and-supporters\/","title":{"rendered":"Colaboradores"},"content":{"rendered":"<p>Desde aquel 28 de diciembre de 1981, fecha de inscripci\u00f3n en el Registro de Fundaciones Culturales del Ministerio de Cultura donde figura con el n\u00famero 36 y C.I.F. G33618729, el Museo Evaristo Valle no s\u00f3lo ha rescatado del olvido, incluso de la injusticia, la ejemplar figura de Evaristo Valle, situ\u00e1ndole en el lugar que le corresponde dentro del arte, sino que adem\u00e1s se ha convertido en uno de los espacios culturales m\u00e1s estimulantes de la regi\u00f3n, enclavado en uno de los Jardines Hist\u00f3ricos m\u00e1s importantes de Europa.<\/p>\n<p>Con esta propuesta de colaboraci\u00f3n\/mecenazgo pretendemos estrechar, todav\u00eda m\u00e1s, los lazos que unen este espacio cultural con la sociedad, tal y como viene haci\u00e9ndose durante los \u00faltimos treinta y cinco a\u00f1os, combinando mod\u00e9licamente (al estilo Valle habr\u00eda que decir) lo local con lo universal, la memoria con el presente, la tradici\u00f3n con las vanguardias y la est\u00e9tica de la conservaci\u00f3n con la \u00e9tica de la innovaci\u00f3n.<\/p>\n<p>Solicitamos por tanto vuestro mecenazgo, con el fin de seguir apoyando e impulsando actividades relacionadas con el arte y la cultura para crear en torno al museo un clima de atenci\u00f3n, local, regional, nacional e internacional; as\u00ed como aunar esfuerzos para aportar las ayudas, colaboraciones y donaciones que sean necesarias para la vida del museo, contribuyendo a su permanente actualidad dentro del mismo esp\u00edritu plural y universal que Valle proclam\u00f3 con su vida y con su obra.<\/p>\n<div class=\"spacer50\"><\/div>\n<h2>C\u00f3mo colaborar:<\/h2>\n<p>Elija la forma de mecenazgo que m\u00e1s se adapte a sus intereses:<\/p>\n<div class=\"column-grid column-grid-4\"><div class=\"column column-span-1 column-push-0 column-first\"><p><center><br \/>\n<img loading=\"lazy\" decoding=\"async\" class=\"aligncenter size-full wp-image-2897\" src=\"http:\/\/evaristovalle.com\/wp-content\/uploads\/2015\/11\/carnet_amigo.jpg\" alt=\"carnet_amigo\" width=\"100\" height=\"150\" srcset=\"https:\/\/evaristovalle.com\/wp-content\/uploads\/2015\/11\/carnet_amigo.jpg 400w, https:\/\/evaristovalle.com\/wp-content\/uploads\/2015\/11\/carnet_amigo-200x300.jpg 200w\" sizes=\"(max-width: 100px) 100vw, 100px\" \/><\/center><\/p>\n<h3>Amigo<\/h3>\n<p><em>30\u20ac anuales<\/em><\/p>\n<p><a class=\"button\" href=\"http:\/\/evaristovalle.com\/carro\/?add-to-cart=2831\">\u00a1Colabora!<\/a><\/p>\n<hr \/>\n<p><strong>Ventajas:<\/strong><\/p>\n<p class=\"tinytxt\">&#8211; Carnet Amigo<br \/>\n&#8211; Entrada gratuita al museo<br \/>\n&#8211; 50% dto. en visitas guiadas<br \/>\n&#8211; Newsletter actividades<br \/>\n&#8211; Beneficios Fiscales*<\/p>\n<p>\n<\/div>\n<div class=\"column column-span-1 column-push-0\"><\/p>\n<p><center><br \/>\n<img loading=\"lazy\" decoding=\"async\" class=\"aligncenter size-full wp-image-2896\" src=\"http:\/\/evaristovalle.com\/wp-content\/uploads\/2015\/11\/carnet_amigo_familiar.jpg\" alt=\"carnet_amigo_familiar\" width=\"100\" height=\"150\" srcset=\"https:\/\/evaristovalle.com\/wp-content\/uploads\/2015\/11\/carnet_amigo_familiar.jpg 400w, https:\/\/evaristovalle.com\/wp-content\/uploads\/2015\/11\/carnet_amigo_familiar-200x300.jpg 200w\" sizes=\"(max-width: 100px) 100vw, 100px\" \/><\/center><\/p>\n<h3>Amigo familiar<\/h3>\n<p><em>60\u20ac anuales<\/em><\/p>\n<p><a class=\"button\" href=\"http:\/\/evaristovalle.com\/carro\/?add-to-cart=2832\" data-wplink-edit=\"true\">\u00a1Colabora!<\/a><\/p>\n<hr \/>\n<p><strong>Ventajas:<\/strong><\/p>\n<p class=\"tinytxt\">&#8211; Carnet Amigo Familiar<br \/>\n&#8211; Entrada Gratuita para familiares de primer grado<br \/>\n&#8211; 50% dto. en visitas guiadas<br \/>\n&#8211; Newsletter actividades<br \/>\n&#8211; 10% dto. en publicaciones del museo<br \/>\n&#8211; Beneficios Fiscales*<\/p>\n<p>\n<\/div>\n<div class=\"column column-span-1 column-push-0\"><\/p>\n<p><center><br \/>\n<img loading=\"lazy\" decoding=\"async\" class=\"aligncenter size-full wp-image-2898\" src=\"http:\/\/evaristovalle.com\/wp-content\/uploads\/2015\/11\/carnet_protector.jpg\" alt=\"carnet_protector\" width=\"100\" height=\"150\" srcset=\"https:\/\/evaristovalle.com\/wp-content\/uploads\/2015\/11\/carnet_protector.jpg 400w, https:\/\/evaristovalle.com\/wp-content\/uploads\/2015\/11\/carnet_protector-200x300.jpg 200w\" sizes=\"(max-width: 100px) 100vw, 100px\" \/><\/center><\/p>\n<h3>Protector<\/h3>\n<p><em>175\u20ac anuales<\/em><\/p>\n<p><a class=\"button\" href=\"http:\/\/evaristovalle.com\/carro\/?add-to-cart=2835\">\u00a1Colabora!<\/a><\/p>\n<hr \/>\n<p><strong>Ventajas:<\/strong><\/p>\n<p class=\"tinytxt\">&#8211; Carnet Protector<br \/>\n&#8211; Entrada Gratuita para familiares y acompa\u00f1antes<br \/>\n&#8211; 50% dto. en visitas guiadas<br \/>\n&#8211; Newsletter actividades<br \/>\n&#8211; 20% dto. en publicaciones del museo<br \/>\n&#8211; 10% dto. en conciertos y talleres**<br \/>\n&#8211; Beneficios Fiscales*<\/p>\n<p>\n<\/div>\n<div class=\"column column-span-1 column-push-0 column-last\"><\/p>\n<p><center><br \/>\n<img loading=\"lazy\" decoding=\"async\" class=\"aligncenter size-full wp-image-2895\" src=\"http:\/\/evaristovalle.com\/wp-content\/uploads\/2015\/11\/carnet_mecenas.jpg\" alt=\"carnet_mecenas\" width=\"100\" height=\"150\" srcset=\"https:\/\/evaristovalle.com\/wp-content\/uploads\/2015\/11\/carnet_mecenas.jpg 400w, https:\/\/evaristovalle.com\/wp-content\/uploads\/2015\/11\/carnet_mecenas-200x300.jpg 200w\" sizes=\"(max-width: 100px) 100vw, 100px\" \/><\/center><\/p>\n<h3>Mecenas<\/h3>\n<p><em>desde 600\u20ac anuales<\/em><\/p>\n<p><a class=\"button\" href=\"http:\/\/evaristovalle.com\/producto\/mecenas\/\">\u00a1Colabora!<\/a><\/p>\n<hr \/>\n<p><strong>Ventajas:<\/strong><\/p>\n<p>&#8211; Carnet Mecenas<br \/>\n&#8211; Entrada Gratuita para familiares y acompa\u00f1antes<br \/>\n&#8211; 50% dto. en visitas guiadas<br \/>\n&#8211; Newsletter actividades<br \/>\n&#8211; 10% dto. en conciertos y talleres**<br \/>\n&#8211; 30% dto. en publicaciones del museo<br \/>\n&#8211;\u00a0 Beneficios fiscales*.<\/p>\n<p>\n<\/div><\/div>\n<p class=\"tinytxt\">* de acuerdo con la Ley 49\/2002 de 23 de diciembre de Incentivos Fiscales al Patrocinio y el Mecenazgo.<\/p>\n<p class=\"tinytxt\">** Salvo algunos muy concretos que no estar\u00edan sujetos a esta promoci\u00f3n.<\/p>\n<p>*** La Fundaci\u00f3n Museo Evaristo Valle se encuentra inscrita en el Protectorado y Registro de Fundaciones Docentes y Culturales del Principado de Asturias con el n\u00famero 33\/FDC0182.<\/p>\n<div class=\"spacer50\"><\/div>\n<h2>Qui\u00e9n colabora con la Fundaci\u00f3n Museo Evaristo Valle:<\/h2>\n<p>Adem\u00e1s de artistas, coleccionistas y otras instituciones que han donado, cedido o depositado obras para exposiciones, colaboran habitualmente con la Fundaci\u00f3n Museo Evaristo Valle la Fundaci\u00f3n Municipal de Cultura, Educaci\u00f3n y Universidad Popular del Ayuntamiento de Gij\u00f3n, Principado de Asturias, Caja Rural de Asturias, C\u00e1mara Gij\u00f3n, Fundaci\u00f3n La Caxia, Fundaci\u00f3n EDP, Cl\u00ednica Molin\u00f3n, GESARB Gesti\u00f3n del Arbolado Urbano S.L.U., Universidad de Oviedo, Escuela de M\u00fasica Viva Tchaikovsky, Gr\u00e1ficas Mart\u00edn, AA. VV. San Juli\u00e1n de Somi\u00f3, Quir\u00f3s Abogados, Lombrico Bons\u00e1i, Una p\u00e1gina en blanco, La Buena Letra adem\u00e1s de otros particulares a trav\u00e9s del programa de Amigos del Museo Evaristo Valle. Y mediante un <em>crowdfunding<\/em> han financiado esta p\u00e1gina web:<\/p>\n<p>Paco Abril \u00b7 Luis Adaro \u00b7 Avelino Alonso \u00b7 Luis Arg\u00fcelles \u00b7 Amaia Arieta \u00b7 A. Basagoiti Abogados \u00b7 Bill Basagoiti \u00b7 Casilda Basagoiti \u00b7 Guillermo Basagoiti \u00b7 Iciar Basagoiti \u00b7 Marta Basagoiti \u00b7 Paula Basagoiti \u00b7 C. Basagoiti \u00b7 Rolf Beyebach \u00b7 Antonio Blanco \u00b7 Alina Brown \u00b7 Bill Brown Sr \u00b7 Carmen Castillo \u00b7 Pilar Castillo \u00b7 Fernando Ce\u00f1al \u00b7 Maru Chartrand \u00b7 Carolina D\u00edaz \u00b7 Vicent Fresnel \u00b7 Antonio Garc\u00eda\u2013Tu\u00f1\u00f3n \u00b7 Elena Garc\u00eda \u00b7 Mar\u00eda \u00c1ngeles Garc\u00eda \u00b7 Josema G\u00f3mez \u00b7 Imprenta Gr\u00e1ficas Mart\u00edn \u00b7 Jimena Hevia \u00b7 Jorge Hevia \u00b7 Lucas Hevia \u00b7 Concha Junco \u00b7 Josefina Junco \u00b7 Avelino Mallo \u00b7 Leonardo Mata \u00b7 Natalia Mazoun \u00b7 Mercedes Mer\u00e1s \u00b7 Senen Merino \u00b7 Miguel Mingotes \u00b7 Debbie &amp; Mike Murciano \u00b7 Antonio Murillo \u00b7 Saturnino Noval \u00b7 Gretel Piquer \u00b7 Jos\u00e9 Ram\u00f3n Garc\u00eda \u00b7 Jose Mar\u00eda Ramos \u00b7Javier Remis \u00b7 Monica Rubio \u00b7 Sonia Segarra y familia \u00b7 Donata Spacciani \u00b7 Margarita Su\u00e1rez \u00b7 In\u00e9s Tejedor M\u00e9ndez \u00b7 Yolanda Trueba \u00b7 Covadonga Vald\u00e9s \u00b7 Javier Vallina \u00b7 Eva Vega \u00b7 Carlos Vel\u00e1zquez \u00b7 Marcos Villar \u00b7 Nuria Villemur \u00b7 Elisa Zapico \u00b7 Francisco Zapico.<\/p>\n<p><!--more--><img loading=\"lazy\" decoding=\"async\" class=\"alignnone size-large wp-image-7588\" src=\"https:\/\/evaristovalle.com\/wp-content\/uploads\/2025\/11\/Faldon-patrocinadores-2025-1024x683.jpg\" alt=\"\" width=\"1024\" height=\"683\" srcset=\"https:\/\/evaristovalle.com\/wp-content\/uploads\/2025\/11\/Faldon-patrocinadores-2025-1024x683.jpg 1024w, https:\/\/evaristovalle.com\/wp-content\/uploads\/2025\/11\/Faldon-patrocinadores-2025-300x200.jpg 300w, https:\/\/evaristovalle.com\/wp-content\/uploads\/2025\/11\/Faldon-patrocinadores-2025-768x512.jpg 768w, https:\/\/evaristovalle.com\/wp-content\/uploads\/2025\/11\/Faldon-patrocinadores-2025-1536x1024.jpg 1536w, https:\/\/evaristovalle.com\/wp-content\/uploads\/2025\/11\/Faldon-patrocinadores-2025-2048x1366.jpg 2048w, https:\/\/evaristovalle.com\/wp-content\/uploads\/2025\/11\/Faldon-patrocinadores-2025-600x400.jpg 600w\" sizes=\"(max-width: 1024px) 100vw, 1024px\" \/><\/p>\n","protected":false},"excerpt":{"rendered":"<p>Desde aquel 28 de diciembre de 1981, fecha de inscripci\u00f3n en el Registro de Fundaciones Culturales del Ministerio de Cultura donde figura con el n\u00famero 36 y C.I.F. G33618729, el Museo Evaristo Valle no s\u00f3lo ha rescatado del olvido, incluso de la injusticia, la ejemplar figura de Evaristo Valle, situ\u00e1ndole en el lugar que le corresponde dentro del arte, sino que adem\u00e1s se ha convertido en uno de los espacios culturales m\u00e1s estimulantes de la regi\u00f3n, enclavado en uno de los Jardines Hist\u00f3ricos m\u00e1s importantes de Europa. Con esta propuesta de colaboraci\u00f3n\/mecenazgo pretendemos estrechar, todav\u00eda m\u00e1s, los lazos que unen este espacio cultural con la sociedad, tal y como viene [&hellip;]<\/p>\n","protected":false},"author":1,"featured_media":0,"parent":18,"menu_order":2,"comment_status":"open","ping_status":"open","template":"","meta":{"footnotes":""},"_links":{"self":[{"href":"https:\/\/evaristovalle.com\/en\/wp-json\/wp\/v2\/pages\/326"}],"collection":[{"href":"https:\/\/evaristovalle.com\/en\/wp-json\/wp\/v2\/pages"}],"about":[{"href":"https:\/\/evaristovalle.com\/en\/wp-json\/wp\/v2\/types\/page"}],"author":[{"embeddable":true,"href":"https:\/\/evaristovalle.com\/en\/wp-json\/wp\/v2\/users\/1"}],"replies":[{"embeddable":true,"href":"https:\/\/evaristovalle.com\/en\/wp-json\/wp\/v2\/comments?post=326"}],"version-history":[{"count":128,"href":"https:\/\/evaristovalle.com\/en\/wp-json\/wp\/v2\/pages\/326\/revisions"}],"predecessor-version":[{"id":7593,"href":"https:\/\/evaristovalle.com\/en\/wp-json\/wp\/v2\/pages\/326\/revisions\/7593"}],"up":[{"embeddable":true,"href":"https:\/\/evaristovalle.com\/en\/wp-json\/wp\/v2\/pages\/18"}],"wp:attachment":[{"href":"https:\/\/evaristovalle.com\/en\/wp-json\/wp\/v2\/media?parent=326"}],"curies":[{"name":"wp","href":"https:\/\/api.w.org\/{rel}","templated":true}]}}