{"id":840,"date":"2013-05-15T09:30:51","date_gmt":"2013-05-15T09:30:51","guid":{"rendered":"http:\/\/evaristovalle.com\/?page_id=840"},"modified":"2025-11-26T17:15:10","modified_gmt":"2025-11-26T16:15:10","slug":"programas-educativos-dirigidos-a-otros-colectivos","status":"publish","type":"page","link":"https:\/\/evaristovalle.com\/en\/the-museum-2\/educational-programs-3\/espanol-programas-educativos-dirigidos-a-otros-colectivos-2\/","title":{"rendered":"Un museo a mi medida. Palabras mayores. Para mayores de 65 a\u00f1os, con la colaboraci\u00f3n de Fundaci\u00f3n &#8220;la Caixa&#8221;"},"content":{"rendered":"<p>Sorry, this entry is only available in <a href=\"https:\/\/evaristovalle.com\/wp-json\/wp\/v2\/pages\/840\">Espa\u00f1ol<\/a>.<\/p>\n","protected":false},"excerpt":{"rendered":"<p>Sorry, this entry is only available in Espa\u00f1ol.<\/p>\n","protected":false},"author":1,"featured_media":0,"parent":25,"menu_order":0,"comment_status":"open","ping_status":"open","template":"","meta":{"footnotes":""},"_links":{"self":[{"href":"https:\/\/evaristovalle.com\/en\/wp-json\/wp\/v2\/pages\/840"}],"collection":[{"href":"https:\/\/evaristovalle.com\/en\/wp-json\/wp\/v2\/pages"}],"about":[{"href":"https:\/\/evaristovalle.com\/en\/wp-json\/wp\/v2\/types\/page"}],"author":[{"embeddable":true,"href":"https:\/\/evaristovalle.com\/en\/wp-json\/wp\/v2\/users\/1"}],"replies":[{"embeddable":true,"href":"https:\/\/evaristovalle.com\/en\/wp-json\/wp\/v2\/comments?post=840"}],"version-history":[{"count":7,"href":"https:\/\/evaristovalle.com\/en\/wp-json\/wp\/v2\/pages\/840\/revisions"}],"predecessor-version":[{"id":7634,"href":"https:\/\/evaristovalle.com\/en\/wp-json\/wp\/v2\/pages\/840\/revisions\/7634"}],"up":[{"embeddable":true,"href":"https:\/\/evaristovalle.com\/en\/wp-json\/wp\/v2\/pages\/25"}],"wp:attachment":[{"href":"https:\/\/evaristovalle.com\/en\/wp-json\/wp\/v2\/media?parent=840"}],"curies":[{"name":"wp","href":"https:\/\/api.w.org\/{rel}","templated":true}]}}