{"id":2835,"date":"2015-11-30T13:06:17","date_gmt":"2015-11-30T12:06:17","guid":{"rendered":"http:\/\/evaristovalle.com\/?post_type=product&#038;p=2835"},"modified":"2025-08-19T16:49:34","modified_gmt":"2025-08-19T14:49:34","slug":"protector","status":"publish","type":"product","link":"https:\/\/evaristovalle.com\/en\/producto\/protector\/","title":{"rendered":"Donante Protector"},"content":{"rendered":"<ul>\n<li>Carnet de Protector<\/li>\n<li>Entrada gratuita al museo y visitas guiadas para sus familiares de primer grado<\/li>\n<li>10% de descuento en las publicaciones editadas por el museo, conciertos y talleres, salvo algunos muy concretos que podr\u00edan no estar sujetos a esta promoci\u00f3n<\/li>\n<li>Informaci\u00f3n actualizada de las actividades realizadas por el museo<\/li>\n<\/ul>\n<p style=\"font-size: 8px; letter-spacing: 2px;\">PROTECCIO\u0301N DE DATOS: Fundacio\u0301n Museo Evaristo Valle es el Responsable del tratamiento de los datos personales del Interesado y le informa de que estos datos sera\u0301n tratados de conformidad con lo dispuesto en el Reglamento (UE) 2016\/679, de 27 de abril (RGPD), y la Ley Orga\u0301nica 3\/2018, de 5 de diciembre (LOPDGDD). Dicho tratamiento se realizara\u0301 para la facturacio\u0301n de la donacio\u0301n que usted realiza como amigo y colaborador del museo (consentimiento del interesado, art. 6.1.a RGPD). Los datos se conservara\u0301n durante no ma\u0301s tiempo del necesario para mantener el fin del tratamiento o mientras existan prescripciones legales que dictaminen su custodia.No esta\u0301 previsto comunicar los datos a terceros (salvo obligacio\u0301n legal), y si fuera necesario hacerlo para la ejecucio\u0301n del contrato, se informara\u0301 previamente al Interesado.<br \/>\nSe informa al Interesado de que podra\u0301 ejercer los derechos de acceso, rectificacio\u0301n, supresio\u0301n y portabilidad de sus datos, y los de limitacio\u0301n u oposicio\u0301n al tratamiento dirigie\u0301ndose a Fundacio\u0301n Museo Evaristo Valle. CAMINO CABUEN\u0303ES, 261 &#8211; 33203 GIJO\u0301N (Asturias), y si considera que el tratamiento de datos personales no se ajusta a la normativa vigente, tambie\u0301n tiene derecho a presentar una reclamacio\u0301n ante la Autoridad de control (www.aepd.es). <\/p>\n","protected":false},"excerpt":{"rendered":"<p>Carnet de Protector Entrada gratuita al museo y visitas guiadas para sus familiares de primer grado 10% de descuento en las publicaciones editadas por el museo, conciertos y talleres, salvo algunos muy concretos que podr\u00edan no estar sujetos a esta promoci\u00f3n Informaci\u00f3n actualizada de las actividades realizadas por el museo PROTECCIO\u0301N DE DATOS: Fundacio\u0301n Museo Evaristo Valle es el Responsable del tratamiento de los datos personales del Interesado y le informa de que estos datos sera\u0301n tratados de conformidad con lo dispuesto en el Reglamento (UE) 2016\/679, de 27 de abril (RGPD), y la Ley Orga\u0301nica 3\/2018, de 5 de diciembre (LOPDGDD). Dicho tratamiento se realizara\u0301 para la facturacio\u0301n de [&hellip;]<\/p>\n","protected":false},"featured_media":2898,"comment_status":"closed","ping_status":"closed","template":"","meta":[],"product_cat":[125],"product_tag":[],"_links":{"self":[{"href":"https:\/\/evaristovalle.com\/en\/wp-json\/wp\/v2\/product\/2835"}],"collection":[{"href":"https:\/\/evaristovalle.com\/en\/wp-json\/wp\/v2\/product"}],"about":[{"href":"https:\/\/evaristovalle.com\/en\/wp-json\/wp\/v2\/types\/product"}],"replies":[{"embeddable":true,"href":"https:\/\/evaristovalle.com\/en\/wp-json\/wp\/v2\/comments?post=2835"}],"wp:featuredmedia":[{"embeddable":true,"href":"https:\/\/evaristovalle.com\/en\/wp-json\/wp\/v2\/media\/2898"}],"wp:attachment":[{"href":"https:\/\/evaristovalle.com\/en\/wp-json\/wp\/v2\/media?parent=2835"}],"wp:term":[{"taxonomy":"product_cat","embeddable":true,"href":"https:\/\/evaristovalle.com\/en\/wp-json\/wp\/v2\/product_cat?post=2835"},{"taxonomy":"product_tag","embeddable":true,"href":"https:\/\/evaristovalle.com\/en\/wp-json\/wp\/v2\/product_tag?post=2835"}],"curies":[{"name":"wp","href":"https:\/\/api.w.org\/{rel}","templated":true}]}}